{"id":14,"date":"2015-09-14T13:11:58","date_gmt":"2015-09-14T11:11:58","guid":{"rendered":"http:\/\/fsg-moosburg.de\/relaunch\/?page_id=14"},"modified":"2015-09-14T14:56:33","modified_gmt":"2015-09-14T12:56:33","slug":"die-fsg","status":"publish","type":"page","link":"https:\/\/fsg-moosburg.de\/?page_id=14","title":{"rendered":"Die FSG"},"content":{"rendered":"<p style=\"text-align: justify;\">Wir, die FSG Moosburg, sind eine Vereinigung von Menschen, die den Schie\u00dfsport nach den Richtlinien des DEUTSCHEN SCH\u00dcTZENBUNDES betreibt.<\/p>\n<p>Als Traditionsverein blicken wir auf eine lange Geschichte zur\u00fcck.<\/p>\n\n\t\t<style type=\"text\/css\">\n\t\t\t#gallery-1 {\n\t\t\t\tmargin: auto;\n\t\t\t}\n\t\t\t#gallery-1 .gallery-item {\n\t\t\t\tfloat: left;\n\t\t\t\tmargin-top: 10px;\n\t\t\t\ttext-align: center;\n\t\t\t\twidth: 50%;\n\t\t\t}\n\t\t\t#gallery-1 img {\n\t\t\t\tborder: 2px solid #cfcfcf;\n\t\t\t}\n\t\t\t#gallery-1 .gallery-caption {\n\t\t\t\tmargin-left: 0;\n\t\t\t}\n\t\t\t\/* see gallery_shortcode() in wp-includes\/media.php *\/\n\t\t<\/style>\n\t\t<div id='gallery-1' class='gallery galleryid-14 gallery-columns-2 gallery-size-full'><dl class='gallery-item'>\n\t\t\t<dt class='gallery-icon landscape'>\n\t\t\t\t<a href='https:\/\/fsg-moosburg.de\/wp-content\/uploads\/2015\/09\/vereinslokal.jpg'><img loading=\"lazy\" decoding=\"async\" width=\"400\" height=\"300\" src=\"https:\/\/fsg-moosburg.de\/wp-content\/uploads\/2015\/09\/vereinslokal.jpg\" class=\"attachment-full size-full\" alt=\"\" srcset=\"https:\/\/fsg-moosburg.de\/wp-content\/uploads\/2015\/09\/vereinslokal.jpg 400w, https:\/\/fsg-moosburg.de\/wp-content\/uploads\/2015\/09\/vereinslokal-300x225.jpg 300w\" sizes=\"auto, (max-width: 400px) 100vw, 400px\" \/><\/a>\n\t\t\t<\/dt><\/dl><dl class='gallery-item'>\n\t\t\t<dt class='gallery-icon landscape'>\n\t\t\t\t<a href='https:\/\/fsg-moosburg.de\/wp-content\/uploads\/2015\/09\/vereinsheim.jpg'><img loading=\"lazy\" decoding=\"async\" width=\"400\" height=\"300\" src=\"https:\/\/fsg-moosburg.de\/wp-content\/uploads\/2015\/09\/vereinsheim.jpg\" class=\"attachment-full size-full\" alt=\"\" srcset=\"https:\/\/fsg-moosburg.de\/wp-content\/uploads\/2015\/09\/vereinsheim.jpg 400w, https:\/\/fsg-moosburg.de\/wp-content\/uploads\/2015\/09\/vereinsheim-300x225.jpg 300w\" sizes=\"auto, (max-width: 400px) 100vw, 400px\" \/><\/a>\n\t\t\t<\/dt><\/dl><br style=\"clear: both\" \/>\n\t\t<\/div>\n\n<p style=\"text-align: justify;\">Etwa 200 Mitglieder, viele davon in den Schie\u00dfsportdisziplinen des Deutschen Sch\u00fctzenbundes erfolgreich, bilden eine Gemeinschaft, denen das gesellige Beisammensein, gew\u00fcrzt mit verschiedensten Wettbewerben, sowie die leistungsorientierte Aus\u00fcbung des Schie\u00dfsports am Herzen liegt.<\/p>\n<p style=\"text-align: justify;\">Unser Vereinsheim im Osten der Stadt Moosburg an der Isar, bietet neben den Schie\u00dfanlagen einen Aufenthaltsraum in dem wir uns in den Trainingspausen mit Getr\u00e4nken st\u00e4rken und in lockerer Runde \u00fcber Gott und die Welt diskutieren k\u00f6nnen. Gelegentliche Festivit\u00e4ten und Grillabende im Garten machen das Vereinsleben auch au\u00dferhalb der Schie\u00dfzeiten erlebenswert.<\/p>\n","protected":false},"excerpt":{"rendered":"<p>Wir, die FSG Moosburg, sind eine Vereinigung von Menschen, die den Schie\u00dfsport nach den Richtlinien des DEUTSCHEN SCH\u00dcTZENBUNDES betreibt. Als Traditionsverein blicken wir auf eine lange Geschichte zur\u00fcck. Etwa 200&period;&period;&period;<\/p>\n","protected":false},"author":1,"featured_media":0,"parent":0,"menu_order":2,"comment_status":"closed","ping_status":"closed","template":"","meta":{"footnotes":""},"class_list":["post-14","page","type-page","status-publish","hentry"],"jetpack_shortlink":"https:\/\/wp.me\/P8PdKD-e","jetpack_sharing_enabled":true,"_links":{"self":[{"href":"https:\/\/fsg-moosburg.de\/index.php?rest_route=\/wp\/v2\/pages\/14","targetHints":{"allow":["GET"]}}],"collection":[{"href":"https:\/\/fsg-moosburg.de\/index.php?rest_route=\/wp\/v2\/pages"}],"about":[{"href":"https:\/\/fsg-moosburg.de\/index.php?rest_route=\/wp\/v2\/types\/page"}],"author":[{"embeddable":true,"href":"https:\/\/fsg-moosburg.de\/index.php?rest_route=\/wp\/v2\/users\/1"}],"replies":[{"embeddable":true,"href":"https:\/\/fsg-moosburg.de\/index.php?rest_route=%2Fwp%2Fv2%2Fcomments&post=14"}],"version-history":[{"count":3,"href":"https:\/\/fsg-moosburg.de\/index.php?rest_route=\/wp\/v2\/pages\/14\/revisions"}],"predecessor-version":[{"id":57,"href":"https:\/\/fsg-moosburg.de\/index.php?rest_route=\/wp\/v2\/pages\/14\/revisions\/57"}],"wp:attachment":[{"href":"https:\/\/fsg-moosburg.de\/index.php?rest_route=%2Fwp%2Fv2%2Fmedia&parent=14"}],"curies":[{"name":"wp","href":"https:\/\/api.w.org\/{rel}","templated":true}]}}