{"id":16,"date":"2015-09-14T13:12:16","date_gmt":"2015-09-14T11:12:16","guid":{"rendered":"http:\/\/fsg-moosburg.de\/relaunch\/?page_id=16"},"modified":"2015-09-14T14:00:31","modified_gmt":"2015-09-14T12:00:31","slug":"historisch","status":"publish","type":"page","link":"https:\/\/fsg-moosburg.de\/?page_id=16","title":{"rendered":"Historisch"},"content":{"rendered":"<h2><\/h2>\n<h2><\/h2>\n<h2>Chronik der FSG*<\/h2>\n<ul>\n<li><strong>1313<\/strong>  Das Moosburger \u201cF\u00e4hnlein\u201c, eine Kampfgruppe aus Spie\u00dftr\u00e4gern und Armbrustsch\u00fctzen k\u00e4mpft auf Seiten des Bayernherzog Ludwig IV in der Schlacht von Gammelsdorf<\/li>\n<li><strong>1514 <\/strong> Die Sch\u00fctzenbruderschaft Sankt Sebastian gibt sich eine ausf\u00fchrliche Sch\u00fctzenordnung, es gibt Armbrustsch\u00fctzen und Musketensch\u00fctzen mit Luntenschlossgewehren<\/li>\n<li><strong>1799<\/strong>  Der Magistrat \u00fcbergibt den Feuersch\u00fctzen ein Grundst\u00fcck, die \u201eAlte Schie\u00dfstatt\u201c \u00f6stlich der damaligen Stadtmauer, seit dem Mittelalter bereits als Schie\u00dfgel\u00e4nde genutzt<\/li>\n<li><strong>1840<\/strong>  Die Feuersch\u00fctzen bauen ein Sch\u00fctzenhaus an der alten Schie\u00dfstatt mit drei Schie\u00dfbahnen, Scheibenentfernung etwa 100m. Die bisherige Aufgabe der Sch\u00fctzen, die milit\u00e4rische Landesverteidigung, entf\u00e4llt.<\/li>\n<li><strong>1830 \u2013 1914<\/strong>  Moosburger Feuersch\u00fctzen nehmen an zahlreichen Festschie\u00dfen im K\u00f6nigreich Bayern teil. Statt Vorderladergewehren kommen ab 1880 Feuerstutzen mit Patronen in Mode<\/li>\n<li><strong>1894<\/strong>  Die Feuersch\u00fctzengesellschaft gibt sich eine Satzung, genannt Statuten, entsprechend der K\u00f6nigl. Sch\u00fctzenordnung K\u00f6nig Ludwigs II. und erh\u00e4lt daf\u00fcr den Status \u201ek\u00f6niglich privilegierte\u201c Feuersch\u00fctzengesellschaft, entspricht einer K\u00f6rperschaft, bzw. eines Vereins mit Sonderrechten.<\/li>\n<li><strong>1920 &#8211; 1939<\/strong>  Sportliches Schie\u00dfen mit Kleinkalibergewehren noch immer an der Alten Schie\u00dfst\u00e4tte, allerdings sehr eingeschr\u00e4nkt durch die Besiedlung des umliegenden Stadtgebiets.<\/li>\n<li><strong>1971<\/strong>  Bau der gegenw\u00e4rtigen gro\u00dfen Schie\u00dfanlage an der Holzlandstra\u00dfe au\u00dferhalb des Stadtgebiets.<\/li>\n<li><strong>Seit 1977\/78<\/strong> sportliches Schie\u00dfen auf  10 Kurzwaffen \u2013 und 12 Langwaffenst\u00e4nden. Mit vielen Meistertiteln in den verschiedenen BSSB-Disziplinen auf Gau-, Bezirks-, und Landesebene in den letzten 35 Jahren.<\/li>\n<\/ul>\n<p><em>* Verfasser: Jakob Schafhauser, Chronist der kgl.priv.Feuersch\u00fctzengesellschaft Moosburg \/ Isar<\/em><\/p>\n","protected":false},"excerpt":{"rendered":"<p>Chronik der FSG* 1313 Das Moosburger \u201cF\u00e4hnlein\u201c, eine Kampfgruppe aus Spie\u00dftr\u00e4gern und Armbrustsch\u00fctzen k\u00e4mpft auf Seiten des Bayernherzog Ludwig IV in der Schlacht von Gammelsdorf 1514 Die Sch\u00fctzenbruderschaft Sankt Sebastian&period;&period;&period;<\/p>\n","protected":false},"author":1,"featured_media":0,"parent":0,"menu_order":3,"comment_status":"closed","ping_status":"closed","template":"","meta":{"footnotes":""},"class_list":["post-16","page","type-page","status-publish","hentry"],"jetpack_shortlink":"https:\/\/wp.me\/P8PdKD-g","jetpack_sharing_enabled":true,"_links":{"self":[{"href":"https:\/\/fsg-moosburg.de\/index.php?rest_route=\/wp\/v2\/pages\/16","targetHints":{"allow":["GET"]}}],"collection":[{"href":"https:\/\/fsg-moosburg.de\/index.php?rest_route=\/wp\/v2\/pages"}],"about":[{"href":"https:\/\/fsg-moosburg.de\/index.php?rest_route=\/wp\/v2\/types\/page"}],"author":[{"embeddable":true,"href":"https:\/\/fsg-moosburg.de\/index.php?rest_route=\/wp\/v2\/users\/1"}],"replies":[{"embeddable":true,"href":"https:\/\/fsg-moosburg.de\/index.php?rest_route=%2Fwp%2Fv2%2Fcomments&post=16"}],"version-history":[{"count":1,"href":"https:\/\/fsg-moosburg.de\/index.php?rest_route=\/wp\/v2\/pages\/16\/revisions"}],"predecessor-version":[{"id":17,"href":"https:\/\/fsg-moosburg.de\/index.php?rest_route=\/wp\/v2\/pages\/16\/revisions\/17"}],"wp:attachment":[{"href":"https:\/\/fsg-moosburg.de\/index.php?rest_route=%2Fwp%2Fv2%2Fmedia&parent=16"}],"curies":[{"name":"wp","href":"https:\/\/api.w.org\/{rel}","templated":true}]}}